{"id":5320,"date":"2022-12-08T15:54:38","date_gmt":"2022-12-08T14:54:38","guid":{"rendered":"https:\/\/medukacja.com.pl\/?page_id=5320"},"modified":"2022-12-08T16:58:18","modified_gmt":"2022-12-08T15:58:18","slug":"kwalifikacja-ee-08","status":"publish","type":"page","link":"https:\/\/medukacja.com.pl\/index.php\/kwalifikacja-ee-08\/","title":{"rendered":"Kwalifikacja EE.08"},"content":{"rendered":"\t\t<div data-elementor-type=\"wp-page\" data-elementor-id=\"5320\" class=\"elementor elementor-5320\">\n\t\t\t\t\t\t<section class=\"elementor-section elementor-top-section elementor-element elementor-element-7ff44ae9 elementor-section-boxed elementor-section-height-default elementor-section-height-default\" data-id=\"7ff44ae9\" data-element_type=\"section\" data-settings=\"{&quot;background_background&quot;:&quot;classic&quot;}\">\n\t\t\t\t\t\t\t<div class=\"elementor-background-overlay\"><\/div>\n\t\t\t\t\t\t\t<div class=\"elementor-container elementor-column-gap-default\">\n\t\t\t\t\t<div class=\"elementor-column elementor-col-100 elementor-top-column elementor-element elementor-element-2d19e4a4\" data-id=\"2d19e4a4\" data-element_type=\"column\" data-settings=\"{&quot;background_background&quot;:&quot;classic&quot;}\">\n\t\t\t<div class=\"elementor-widget-wrap elementor-element-populated\">\n\t\t\t\t\t\t<div class=\"elementor-element elementor-element-78d4291b elementor-widget elementor-widget-spacer\" data-id=\"78d4291b\" data-element_type=\"widget\" data-widget_type=\"spacer.default\">\n\t\t\t\t<div class=\"elementor-widget-container\">\n\t\t\t\t\t\t\t<div class=\"elementor-spacer\">\n\t\t\t<div class=\"elementor-spacer-inner\"><\/div>\n\t\t<\/div>\n\t\t\t\t\t\t<\/div>\n\t\t\t\t<\/div>\n\t\t\t\t<div class=\"elementor-element elementor-element-555b4b31 elementor-widget elementor-widget-heading\" data-id=\"555b4b31\" data-element_type=\"widget\" data-widget_type=\"heading.default\">\n\t\t\t\t<div class=\"elementor-widget-container\">\n\t\t\t\t\t<h1 class=\"elementor-heading-title elementor-size-default\">Nigdy nie jest za p\u00f3\u017ano na nauk\u0119!<\/h1>\t\t\t\t<\/div>\n\t\t\t\t<\/div>\n\t\t\t\t<div class=\"elementor-element elementor-element-2bea7e77 elementor-widget elementor-widget-heading\" data-id=\"2bea7e77\" data-element_type=\"widget\" data-widget_type=\"heading.default\">\n\t\t\t\t<div class=\"elementor-widget-container\">\n\t\t\t\t\t<h2 class=\"elementor-heading-title elementor-size-default\">\u00a0Ka\u017cda kariera zaczyna si\u0119 od dobrej\u00a0edukacji<\/h2>\t\t\t\t<\/div>\n\t\t\t\t<\/div>\n\t\t\t\t<div class=\"elementor-element elementor-element-9bf1955 elementor-widget elementor-widget-spacer\" data-id=\"9bf1955\" data-element_type=\"widget\" data-widget_type=\"spacer.default\">\n\t\t\t\t<div class=\"elementor-widget-container\">\n\t\t\t\t\t\t\t<div class=\"elementor-spacer\">\n\t\t\t<div class=\"elementor-spacer-inner\"><\/div>\n\t\t<\/div>\n\t\t\t\t\t\t<\/div>\n\t\t\t\t<\/div>\n\t\t\t\t\t<\/div>\n\t\t<\/div>\n\t\t\t\t\t<\/div>\n\t\t<\/section>\n\t\t\t\t<section class=\"elementor-section elementor-top-section elementor-element elementor-element-b1e78e1 elementor-section-boxed elementor-section-height-default elementor-section-height-default\" data-id=\"b1e78e1\" data-element_type=\"section\">\n\t\t\t\t\t\t<div class=\"elementor-container elementor-column-gap-default\">\n\t\t\t\t\t<div class=\"elementor-column elementor-col-100 elementor-top-column elementor-element elementor-element-a4ffd95\" data-id=\"a4ffd95\" data-element_type=\"column\">\n\t\t\t<div class=\"elementor-widget-wrap elementor-element-populated\">\n\t\t\t\t\t\t<div class=\"elementor-element elementor-element-b16eaf9 elementor-widget elementor-widget-heading\" data-id=\"b16eaf9\" data-element_type=\"widget\" data-widget_type=\"heading.default\">\n\t\t\t\t<div class=\"elementor-widget-container\">\n\t\t\t\t\t<p class=\"elementor-heading-title elementor-size-default\">Egzamin z kwalfikacji INF.02 Monta\u017c i eksploatacja system\u00f3w komputerowych, urz\u0105dze\u0144 peryferyjnych i sieci odbywa si\u0119 pod koniec I semestru klasy III.\n<br> \n<br> \n<br>Absolwent szko\u0142y kszta\u0142c\u0105cej w zawodzie technik informatyk powinien by\u0107 przygotowany do wykonywania nast\u0119puj\u0105cych zada\u0144 zawodowych: \n<br>1) montowania oraz eksploatacji system\u00f3w komputerowych i urz\u0105dze\u0144 peryferyjnych; \n<br>2) wykonywania i eksploatacji lokalnych sieci komputerowych; \n<br>3) projektowania, tworzenia, administracji i u\u017cytkowania baz danych; \n<br>4) programowania aplikacji desktopowych, internetowych oraz mobilnych; \n<br>5) projektowania, tworzenia i administracji stronami WWW i systemami zarz\u0105dzania tre\u015bci\u0105. \n<br> \n<br> \n<br>1. Przygotowanie stanowiska komputerowego do pracy \n<br> \n<br>Ucze\u0144: \n<br>1) stosuje podstawowe poj\u0119cia z zakresu informatyki i elektroniki; \n<br>2) rozr\u00f3\u017cnia podstawowe elementy elektroniczne; \n<br>3) wymienia funkcje i wyja\u015bnia zasady dzia\u0142ania urz\u0105dze\u0144 techniki komputerowej; \n<br>4) pos\u0142uguje si\u0119 dokumentacj\u0105 techniczn\u0105 urz\u0105dze\u0144 techniki komputerowej; \n<br>5) dobiera urz\u0105dzenia techniki komputerowej do okre\u015blonych warunk\u00f3w technicznych; \n<br>6) montuje komputer osobisty i serwer z podzespo\u0142\u00f3w; \n<br>7) modernizuje komputery osobiste oraz serwery; \n<br>8) instaluje, aktualizuje systemy operacyjne i oprogramowanie u\u017cytkowe; \n<br>9) wykonuje konfiguracj\u0119 po instalacji systemu komputerowego; \n<br>10) instaluje, konfiguruje i aktualizuje sterowniki urz\u0105dze\u0144; \n<br>11) przygotowuje do pracy urz\u0105dzenia mobilne; \n<br>12) sporz\u0105dza specyfikacj\u0119 techniczn\u0105, cenniki i kosztorysy stanowisk komputerowych; \n<br>13) rozpoznaje rodzaje licencji i oprogramowania komputerowego; \n<br>14) stosuje przepisy prawa autorskiego w zakresie dotycz\u0105cym system\u00f3w informatycznych; \n<br>15) stosuje przepisy prawa dotycz\u0105ce certyfikacji CE i recyklingu. \n<br> \n<br> \n<br>2. Wykonanie lokalnej sieci komputerowej \n<br> \n<br>Ucze\u0144: \n<br>1) rozpoznaje topologie sieci komputerowych; \n<br>2) interpretuje projekty sieci komputerowych; \n<br>3) rozpoznaje i stosuje normy dotycz\u0105ce medium sieciowego; \n<br>4) rozpoznaje protoko\u0142y sieci lokalnych i protoko\u0142y dost\u0119pu do sieci rozleg\u0142ej; \n<br>5) dobiera elementy lokalnej sieci komputerowej, uwzgl\u0119dniaj\u0105c okre\u015blone warunki techniczne; \n<br>6) dobiera przyrz\u0105dy i urz\u0105dzenia do monta\u017cu sieci komputerowych; \n<br>7) montuje okablowanie sieciowe; \n<br>8) wykonuje pomiary okablowania strukturalnego; \n<br>9) monitoruje sie\u0107 bezprzewodow\u0105; \n<br>10) stosuje adresacj\u0119 protoko\u0142u Internetowego (IP); \n<br>11) stosuje podzia\u0142 sieci na podsieci; \n<br>12) wykonuje pomiary i testy sieci logicznej; \n<br>13) modernizuje lokaln\u0105 sie\u0107 komputerow\u0105; \n<br>14) okre\u015bla rodzaje awarii lub wadliwego dzia\u0142ania lokalnej sieci komputerowej; \n<br>15) pod\u0142\u0105cza sie\u0107 lokaln\u0105 do Internetu; \n<br>16) rozpoznaje i stosuje podstawowe protoko\u0142y routingu. \n<br> \n<br>3. Eksploatacja urz\u0105dze\u0144 peryferyjnych i sieciowych \n<br> \n<br>Ucze\u0144: \n<br>1) okre\u015bla funkcje, opisuje budow\u0119 i wyja\u015bnia zasad\u0119 dzia\u0142ania urz\u0105dze\u0144 peryferyjnych i sieciowych; \n<br>2) przygotowuje urz\u0105dzenia peryferyjne systemu komputerowego do pracy; \n<br>3) instaluje sterowniki urz\u0105dze\u0144 peryferyjnych systemu komputerowego; \n<br>4) konfiguruje urz\u0105dzenia peryferyjne systemu komputerowego; \n<br>5) przygotowuje urz\u0105dzenia sieciowe do pracy; \n<br>6) dobiera i wymienia materia\u0142y eksploatacyjne urz\u0105dze\u0144 peryferyjnych systemu komputerowego; \n<br>7) wykonuje konserwacj\u0119 urz\u0105dze\u0144 sieciowych i peryferyjnych systemu komputerowego; \n<br>8) monitoruje prac\u0119 urz\u0105dze\u0144 lokalnej sieci komputerowej; \n<br>9) stosuje przepisy prawa dotycz\u0105ce gospodarki odpadami niebezpiecznymi; \n<br>10) konfiguruje prze\u0142\u0105czniki lokalnej sieci komputerowej; \n<br>11) konfiguruje sieci wirtualne w lokalnej sieci komputerowej; \n<br>12) konfiguruje routery i urz\u0105dzenia zabezpieczaj\u0105ce typu zapora sieciowa (ang.firewall); \n<br>13) konfiguruje urz\u0105dzenia dost\u0119pu do lokalnej sieci bezprzewodowej; \n<br>14) tworzy sieci wirtualne za pomoc\u0105 po\u0142\u0105cze\u0144 internetowych. \n<br> \n<br>4. Naprawa urz\u0105dze\u0144 techniki komputerowej \n<br> \n<br>Ucze\u0144: \n<br>1) pos\u0142uguje si\u0119 narz\u0119dziami do naprawy sprz\u0119tu komputerowego; \n<br>2) tworzy i przywraca kopie danych; \n<br>3) identyfikuje b\u0142\u0119dy urz\u0105dze\u0144 techniki komputerowej; \n<br>4) lokalizuje oraz usuwa uszkodzenia sprz\u0119towe urz\u0105dze\u0144 techniki komputerowej; \n<br>5) dobiera i stosuje narz\u0119dzia diagnostyczne i monitoruj\u0105ce prac\u0119 urz\u0105dze\u0144 techniki \n<br>komputerowej; \n<br>6) odzyskuje dane u\u017cytkownika z urz\u0105dze\u0144 techniki komputerowej; \n<br>7) formu\u0142uje wskazania eksploatacyjne dla u\u017cytkownika po wykonaniu naprawy urz\u0105dze\u0144 \n<br>techniki komputerowej; \n<br>8) sporz\u0105dza kosztorys naprawy urz\u0105dze\u0144 techniki komputerowej. \n<br> \n<br>5. Administrowanie systemami operacyjnymi \n<br> \n<br>Ucze\u0144: \n<br>1) konfiguruje ustawienia personalne systemu operacyjnego wed\u0142ug zalece\u0144 klienta; \n<br>2) konfiguruje interfejsy sieciowe; \n<br>3) stosuje polecenia system\u00f3w operacyjnych; \n<br>4) stosuje zasady udost\u0119pniania i ochrony zasob\u00f3w lokalnych i sieciowych; \n<br>5) udost\u0119pnia zasoby lokalnie i sieciowo; \n<br>6) przestrzega zasad udost\u0119pniania i ochrony zasob\u00f3w lokalnych i sieciowych; \n<br>7) konfiguruje us\u0142ugi, role i funkcje sieciowego systemu operacyjnego; \n<br>8) zarz\u0105dza funkcjami profili u\u017cytkownik\u00f3w; \n<br>9) zarz\u0105dza kontami i grupami u\u017cytkownik\u00f3w; \n<br>10) zarz\u0105dza zasadami grup; \n<br>11) konfiguruje role katalogowe lokalnej sieci; \n<br>12) zarz\u0105dza lokalnie, centralnie i zdalnie stacjami roboczymi; \n<br>13) rozpoznaje protoko\u0142y aplikacyjne; \n<br>14) monitoruje dzia\u0142ania u\u017cytkownik\u00f3w lokalnej sieci komputerowej; \n<br>15) pod\u0142\u0105cza lokaln\u0105 sie\u0107 komputerow\u0105 do Internetu z poziomu systemu operacyjnego; \n<br>16) okalizuje i usuwa przyczyny wadliwego dzia\u0142ania system\u00f3wl operacyjnych. <\/p>\t\t\t\t<\/div>\n\t\t\t\t<\/div>\n\t\t\t\t\t<\/div>\n\t\t<\/div>\n\t\t\t\t\t<\/div>\n\t\t<\/section>\n\t\t\t\t<\/div>\n\t\t","protected":false},"excerpt":{"rendered":"<p>Nigdy nie jest za p\u00f3\u017ano na nauk\u0119! &nbsp;Ka\u017cda kariera zaczyna si\u0119 od dobrej&nbsp;edukacji Egzamin z kwalfikacji INF.02 Monta\u017c i eksploatacja system\u00f3w komputerowych, urz\u0105dze\u0144 peryferyjnych i sieci odbywa si\u0119 pod koniec I semestru klasy III. Absolwent szko\u0142y kszta\u0142c\u0105cej w zawodzie technik informatyk powinien by\u0107 przygotowany do wykonywania nast\u0119puj\u0105cych zada\u0144 zawodowych: 1) montowania oraz eksploatacji system\u00f3w komputerowych [&hellip;]<\/p>\n","protected":false},"author":1,"featured_media":0,"parent":0,"menu_order":0,"comment_status":"closed","ping_status":"closed","template":"","meta":{"_monsterinsights_skip_tracking":false,"_monsterinsights_sitenote_active":false,"_monsterinsights_sitenote_note":"","_monsterinsights_sitenote_category":0,"ocean_post_layout":"","ocean_both_sidebars_style":"","ocean_both_sidebars_content_width":0,"ocean_both_sidebars_sidebars_width":0,"ocean_sidebar":"0","ocean_second_sidebar":"0","ocean_disable_margins":"enable","ocean_add_body_class":"","ocean_shortcode_before_top_bar":"","ocean_shortcode_after_top_bar":"","ocean_shortcode_before_header":"","ocean_shortcode_after_header":"","ocean_has_shortcode":"","ocean_shortcode_after_title":"","ocean_shortcode_before_footer_widgets":"","ocean_shortcode_after_footer_widgets":"","ocean_shortcode_before_footer_bottom":"","ocean_shortcode_after_footer_bottom":"","ocean_display_top_bar":"default","ocean_display_header":"default","ocean_header_style":"transparent","ocean_center_header_left_menu":"0","ocean_custom_header_template":"0","ocean_custom_logo":0,"ocean_custom_retina_logo":0,"ocean_custom_logo_max_width":0,"ocean_custom_logo_tablet_max_width":0,"ocean_custom_logo_mobile_max_width":0,"ocean_custom_logo_max_height":0,"ocean_custom_logo_tablet_max_height":0,"ocean_custom_logo_mobile_max_height":0,"ocean_header_custom_menu":"0","ocean_menu_typo_font_family":"0","ocean_menu_typo_font_subset":"","ocean_menu_typo_font_size":0,"ocean_menu_typo_font_size_tablet":0,"ocean_menu_typo_font_size_mobile":0,"ocean_menu_typo_font_size_unit":"px","ocean_menu_typo_font_weight":"","ocean_menu_typo_font_weight_tablet":"","ocean_menu_typo_font_weight_mobile":"","ocean_menu_typo_transform":"","ocean_menu_typo_transform_tablet":"","ocean_menu_typo_transform_mobile":"","ocean_menu_typo_line_height":0,"ocean_menu_typo_line_height_tablet":0,"ocean_menu_typo_line_height_mobile":0,"ocean_menu_typo_line_height_unit":"","ocean_menu_typo_spacing":0,"ocean_menu_typo_spacing_tablet":0,"ocean_menu_typo_spacing_mobile":0,"ocean_menu_typo_spacing_unit":"","ocean_menu_link_color":"","ocean_menu_link_color_hover":"","ocean_menu_link_color_active":"","ocean_menu_link_background":"","ocean_menu_link_hover_background":"","ocean_menu_link_active_background":"","ocean_menu_social_links_bg":"","ocean_menu_social_hover_links_bg":"","ocean_menu_social_links_color":"","ocean_menu_social_hover_links_color":"","ocean_disable_title":"default","ocean_disable_heading":"default","ocean_post_title":"","ocean_post_subheading":"","ocean_post_title_style":"","ocean_post_title_background_color":"","ocean_post_title_background":0,"ocean_post_title_bg_image_position":"","ocean_post_title_bg_image_attachment":"","ocean_post_title_bg_image_repeat":"","ocean_post_title_bg_image_size":"","ocean_post_title_height":0,"ocean_post_title_bg_overlay":0.5,"ocean_post_title_bg_overlay_color":"","ocean_disable_breadcrumbs":"default","ocean_breadcrumbs_color":"","ocean_breadcrumbs_separator_color":"","ocean_breadcrumbs_links_color":"","ocean_breadcrumbs_links_hover_color":"","ocean_display_footer_widgets":"default","ocean_display_footer_bottom":"default","ocean_custom_footer_template":"0","footnotes":""},"class_list":["post-5320","page","type-page","status-publish","hentry","entry"],"aioseo_notices":[],"_links":{"self":[{"href":"https:\/\/medukacja.com.pl\/index.php\/wp-json\/wp\/v2\/pages\/5320","targetHints":{"allow":["GET"]}}],"collection":[{"href":"https:\/\/medukacja.com.pl\/index.php\/wp-json\/wp\/v2\/pages"}],"about":[{"href":"https:\/\/medukacja.com.pl\/index.php\/wp-json\/wp\/v2\/types\/page"}],"author":[{"embeddable":true,"href":"https:\/\/medukacja.com.pl\/index.php\/wp-json\/wp\/v2\/users\/1"}],"replies":[{"embeddable":true,"href":"https:\/\/medukacja.com.pl\/index.php\/wp-json\/wp\/v2\/comments?post=5320"}],"version-history":[{"count":21,"href":"https:\/\/medukacja.com.pl\/index.php\/wp-json\/wp\/v2\/pages\/5320\/revisions"}],"predecessor-version":[{"id":5379,"href":"https:\/\/medukacja.com.pl\/index.php\/wp-json\/wp\/v2\/pages\/5320\/revisions\/5379"}],"wp:attachment":[{"href":"https:\/\/medukacja.com.pl\/index.php\/wp-json\/wp\/v2\/media?parent=5320"}],"curies":[{"name":"wp","href":"https:\/\/api.w.org\/{rel}","templated":true}]}}